{"id":14,"date":"2016-09-16T00:34:23","date_gmt":"2016-09-16T00:34:23","guid":{"rendered":"http:\/\/www.infosoft.com.ve\/Infosoft\/?page_id=14"},"modified":"2017-09-05T08:45:30","modified_gmt":"2017-09-05T12:45:30","slug":"inicio-web-apps-bi-devops","status":"publish","type":"page","link":"https:\/\/www.infosoft.com.ve\/Infosoft\/","title":{"rendered":"Inicio"},"content":{"rendered":"<p>Web Apps Design, DevOps and Business Intelligence Services across America<\/p>\n","protected":false},"excerpt":{"rendered":"<p>Servicios de Desarrollo de Aplicaciones Web (Web Design), AI y BI, testing, Desarrollo y Mantenimento de Database (SQL y Oracle), DevOps e Infraestructura IT.<\/p>\n","protected":false},"author":1,"featured_media":0,"parent":0,"menu_order":0,"comment_status":"closed","ping_status":"closed","template":"","meta":{"advanced_seo_description":"","spay_email":""},"jetpack_sharing_enabled":true,"jetpack_shortlink":"https:\/\/wp.me\/P8ocxs-e","jetpack-related-posts":[{"id":18,"url":"https:\/\/www.infosoft.com.ve\/Infosoft\/blog-web\/","url_meta":{"origin":14,"position":0},"title":"Blog","date":"septiembre 16, 2016","format":false,"excerpt":"Articulos, notas e historias sobre desarrollo web, Java, JavaScript, SQL, HTML, Big Data y Anal\u00edtica","rel":"","context":"Entrada similar","img":{"alt_text":"","src":"","width":0,"height":0},"classes":[]},{"id":1961,"url":"https:\/\/www.infosoft.com.ve\/Infosoft\/nonsuchpage\/","url_meta":{"origin":14,"position":1},"title":"Algo pas\u00f3 camino al cielo&#8230;","date":"julio 13, 2017","format":false,"excerpt":"Si quiere drigirse a nuestra p\u00e1gina web, haga click aqui. Si quiere ir a nuestra Intranet, haga click aqui.","rel":"","context":"Entrada similar","img":{"alt_text":"Boardwalk","src":"https:\/\/i1.wp.com\/www.infosoft.com.ve\/Infosoft\/wp-content\/uploads\/2011\/07\/dcp_2082.jpg?fit=1200%2C800&ssl=1&resize=350%2C200","width":350,"height":200},"classes":[]},{"id":29,"url":"https:\/\/www.infosoft.com.ve\/Infosoft\/nosotros\/","url_meta":{"origin":14,"position":2},"title":"Nosotros","date":"septiembre 16, 2016","format":false,"excerpt":"Somos una empresa Venezolana especializada en tecnolog\u00eda, innovadora y creativa, en plena expansi\u00f3n Internacional, con m\u00e1s de 15 a\u00f1os de experiencia, desarrollando aplicaciones web, bases de datos, soluciones de BI y prestando servicios de TI a la medida de nuestros clientes.","rel":"","context":"Entrada similar","img":{"alt_text":"","src":"https:\/\/i1.wp.com\/www.infosoft.com.ve\/Infosoft\/wp-content\/uploads\/2016\/09\/parque_cristal_bg.jpg?fit=1200%2C800&ssl=1&resize=350%2C200","width":350,"height":200},"classes":[]}],"_links":{"self":[{"href":"https:\/\/www.infosoft.com.ve\/Infosoft\/wp-json\/wp\/v2\/pages\/14"}],"collection":[{"href":"https:\/\/www.infosoft.com.ve\/Infosoft\/wp-json\/wp\/v2\/pages"}],"about":[{"href":"https:\/\/www.infosoft.com.ve\/Infosoft\/wp-json\/wp\/v2\/types\/page"}],"author":[{"embeddable":true,"href":"https:\/\/www.infosoft.com.ve\/Infosoft\/wp-json\/wp\/v2\/users\/1"}],"replies":[{"embeddable":true,"href":"https:\/\/www.infosoft.com.ve\/Infosoft\/wp-json\/wp\/v2\/comments?post=14"}],"version-history":[{"count":7,"href":"https:\/\/www.infosoft.com.ve\/Infosoft\/wp-json\/wp\/v2\/pages\/14\/revisions"}],"predecessor-version":[{"id":2050,"href":"https:\/\/www.infosoft.com.ve\/Infosoft\/wp-json\/wp\/v2\/pages\/14\/revisions\/2050"}],"wp:attachment":[{"href":"https:\/\/www.infosoft.com.ve\/Infosoft\/wp-json\/wp\/v2\/media?parent=14"}],"curies":[{"name":"wp","href":"https:\/\/api.w.org\/{rel}","templated":true}]}}